{"id":700,"date":"2022-02-28T09:56:40","date_gmt":"2022-02-28T09:56:40","guid":{"rendered":"https:\/\/100blooddonation.com\/apoyo\/"},"modified":"2024-07-11T14:35:44","modified_gmt":"2024-07-11T14:35:44","slug":"comunidad","status":"publish","type":"page","link":"https:\/\/100blooddonation.com\/es\/comunidad\/","title":{"rendered":"Comunidad"},"content":{"rendered":"\t\t<div data-elementor-type=\"wp-page\" data-elementor-id=\"700\" class=\"elementor elementor-700 elementor-97\">\n\t\t\t\t\t\t<section class=\"penci-section penci-disSticky penci-structure-10 elementor-section elementor-top-section elementor-element elementor-element-4b2deae elementor-section-boxed elementor-section-height-default elementor-section-height-default\" data-id=\"4b2deae\" data-element_type=\"section\" data-e-type=\"section\">\n\t\t\t\t\t\t<div class=\"elementor-container elementor-column-gap-default\">\n\t\t\t\t\t<div class=\"penci-ercol-100 penci-ercol-order-1 penci-sticky-ct    elementor-column elementor-col-100 elementor-top-column elementor-element elementor-element-316197e\" data-id=\"316197e\" data-element_type=\"column\" data-e-type=\"column\">\n\t\t\t<div class=\"elementor-widget-wrap elementor-element-populated\">\n\t\t\t\t\t\t<div class=\"elementor-element elementor-element-c3165d7 elementor-widget elementor-widget-image\" data-id=\"c3165d7\" data-element_type=\"widget\" data-e-type=\"widget\" data-widget_type=\"image.default\">\n\t\t\t\t<div class=\"elementor-widget-container\">\n\t\t\t\t\t\t\t\t\t\t\t\t\t\t\t<img fetchpriority=\"high\" decoding=\"async\" width=\"300\" height=\"200\" src=\"https:\/\/100blooddonation.com\/wp-content\/uploads\/2021\/12\/isupport-1-1-300x200.png\" class=\"attachment-medium size-medium wp-image-108\" alt=\"100blooddonation blood donation donate the gift of life\" srcset=\"https:\/\/100blooddonation.com\/wp-content\/uploads\/2021\/12\/isupport-1-1-300x200.png 300w, https:\/\/100blooddonation.com\/wp-content\/uploads\/2021\/12\/isupport-1-1-1024x683.png 1024w, https:\/\/100blooddonation.com\/wp-content\/uploads\/2021\/12\/isupport-1-1-768x512.png 768w, https:\/\/100blooddonation.com\/wp-content\/uploads\/2021\/12\/isupport-1-1-624x416.png 624w, https:\/\/100blooddonation.com\/wp-content\/uploads\/2021\/12\/isupport-1-1-600x400.png 600w, https:\/\/100blooddonation.com\/wp-content\/uploads\/2021\/12\/isupport-1-1.png 1200w\" sizes=\"(max-width: 300px) 100vw, 300px\" \/>\t\t\t\t\t\t\t\t\t\t\t\t\t\t\t<\/div>\n\t\t\t\t<\/div>\n\t\t\t\t\t<\/div>\n\t\t<\/div>\n\t\t\t\t\t<\/div>\n\t\t<\/section>\n\t\t\t\t<section class=\"penci-section penci-dmcheck penci-elbg-activate penci-disSticky penci-structure-10 elementor-section elementor-top-section elementor-element elementor-element-ef65a20 elementor-section-boxed elementor-section-height-default elementor-section-height-default\" data-id=\"ef65a20\" data-element_type=\"section\" data-e-type=\"section\" data-settings=\"{&quot;background_background&quot;:&quot;classic&quot;}\">\n\t\t\t\t\t\t<div class=\"elementor-container elementor-column-gap-default\">\n\t\t\t\t\t<div class=\"penci-ercol-100 penci-ercol-order-1 penci-sticky-ct    elementor-column elementor-col-100 elementor-top-column elementor-element elementor-element-10ebbf9\" data-id=\"10ebbf9\" data-element_type=\"column\" data-e-type=\"column\">\n\t\t\t<div class=\"elementor-widget-wrap elementor-element-populated\">\n\t\t\t\t\t\t<div class=\"elementor-element elementor-element-3f2f6b8 elementor-widget elementor-widget-heading\" data-id=\"3f2f6b8\" data-element_type=\"widget\" data-e-type=\"widget\" data-widget_type=\"heading.default\">\n\t\t\t\t<div class=\"elementor-widget-container\">\n\t\t\t\t\t<h1 class=\"elementor-heading-title elementor-size-default\">\u00danete a nosotros en salvar vidas<\/h1>\t\t\t\t<\/div>\n\t\t\t\t<\/div>\n\t\t\t\t\t<\/div>\n\t\t<\/div>\n\t\t\t\t\t<\/div>\n\t\t<\/section>\n\t\t\t\t<section class=\"penci-section penci-disSticky penci-structure-10 elementor-section elementor-top-section elementor-element elementor-element-7cfb738 elementor-section-boxed elementor-section-height-default elementor-section-height-default\" data-id=\"7cfb738\" data-element_type=\"section\" data-e-type=\"section\">\n\t\t\t\t\t\t<div class=\"elementor-container elementor-column-gap-default\">\n\t\t\t\t\t<div class=\"penci-ercol-100 penci-ercol-order-1 penci-sticky-ct    elementor-column elementor-col-100 elementor-top-column elementor-element elementor-element-6a4518a\" data-id=\"6a4518a\" data-element_type=\"column\" data-e-type=\"column\">\n\t\t\t<div class=\"elementor-widget-wrap elementor-element-populated\">\n\t\t\t\t\t\t<div class=\"elementor-element elementor-element-c91ad99 elementor-widget elementor-widget-text-editor\" data-id=\"c91ad99\" data-element_type=\"widget\" data-e-type=\"widget\" data-widget_type=\"text-editor.default\">\n\t\t\t\t<div class=\"elementor-widget-container\">\n\t\t\t\t\t\t\t\t\t<p>Gracias por considerar apoyar 100 Blood Donation. Su participaci\u00f3n es crucial para nuestra misi\u00f3n. Trabajemos juntos para lograr un impacto duradero.<\/p><p>\u00a0<\/p><h2>Juntos podemos salvar vidas<\/h2><p>\u00danase a nosotros en nuestra misi\u00f3n de salvar vidas mediante la donaci\u00f3n de sangre. Si usted es una persona apasionada por marcar la diferencia o una organizaci\u00f3n que busca apoyar una causa que salva vidas, agradecemos su participaci\u00f3n.<\/p><p>\u00a0<\/p><h2>C\u00f3mo puedes apoyarnos<\/h2><p>Hemos identificado cuatro \u00e1reas clave de apoyo que son cruciales para el \u00e9xito de nuestra misi\u00f3n:<\/p><p>\u00a0<\/p><ul><li>Donantes de sangre<\/li><li>Embajadores locales<\/li><li>Influencers<\/li><li>Socios<\/li><\/ul>\t\t\t\t\t\t\t\t<\/div>\n\t\t\t\t<\/div>\n\t\t\t\t\t<\/div>\n\t\t<\/div>\n\t\t\t\t\t<\/div>\n\t\t<\/section>\n\t\t\t\t<section class=\"penci-section penci-disSticky penci-structure-10 elementor-section elementor-top-section elementor-element elementor-element-640a9c8 elementor-section-boxed elementor-section-height-default elementor-section-height-default\" data-id=\"640a9c8\" data-element_type=\"section\" data-e-type=\"section\">\n\t\t\t\t\t\t<div class=\"elementor-container elementor-column-gap-default\">\n\t\t\t\t\t<div class=\"penci-ercol-100 penci-ercol-order-1 penci-sticky-ct    elementor-column elementor-col-100 elementor-top-column elementor-element elementor-element-e2704ee\" data-id=\"e2704ee\" data-element_type=\"column\" data-e-type=\"column\">\n\t\t\t<div class=\"elementor-widget-wrap elementor-element-populated\">\n\t\t\t\t\t\t<div class=\"elementor-element elementor-element-1f4622b elementor-widget elementor-widget-text-editor\" data-id=\"1f4622b\" data-element_type=\"widget\" data-e-type=\"widget\" data-widget_type=\"text-editor.default\">\n\t\t\t\t<div class=\"elementor-widget-container\">\n\t\t\t\t\t\t\t\t\t<h3 style=\"text-align: center;\">Donantes de sangre<\/h3><p>Los donantes de sangre son el coraz\u00f3n de nuestra misi\u00f3n. Al donar sangre con regularidad, proporciona el salvavidas que muchos pacientes necesitan desesperadamente. Buscamos donantes de sangre comprometidos que puedan ayudar a satisfacer la demanda continua de sangre o compartir sus experiencias para inspirar a otros.<\/p><p>\u00a0<\/p><p>Como donante de sangre, usted podr\u00e1:<\/p><p>\u00a0<\/p><ul><li>Comparta sus experiencias de donaci\u00f3n para inspirar a otros.<\/li><li>Participe en campa\u00f1as peri\u00f3dicas de donaci\u00f3n de sangre en su ciudad o pa\u00eds.<\/li><li>Convi\u00e9rtase en una parte vital de una comunidad dedicada a salvar vidas.<\/li><\/ul>\t\t\t\t\t\t\t\t<\/div>\n\t\t\t\t<\/div>\n\t\t\t\t\t<\/div>\n\t\t<\/div>\n\t\t\t\t\t<\/div>\n\t\t<\/section>\n\t\t\t\t<section class=\"penci-section penci-disSticky penci-structure-10 elementor-section elementor-top-section elementor-element elementor-element-4551fc4 elementor-section-boxed elementor-section-height-default elementor-section-height-default\" data-id=\"4551fc4\" data-element_type=\"section\" data-e-type=\"section\">\n\t\t\t\t\t\t<div class=\"elementor-container elementor-column-gap-default\">\n\t\t\t\t\t<div class=\"penci-ercol-100 penci-ercol-order-1 penci-sticky-ct    elementor-column elementor-col-100 elementor-top-column elementor-element elementor-element-c3865a1\" data-id=\"c3865a1\" data-element_type=\"column\" data-e-type=\"column\">\n\t\t\t<div class=\"elementor-widget-wrap elementor-element-populated\">\n\t\t\t\t\t\t<div class=\"elementor-element elementor-element-cd74b69 elementor-widget elementor-widget-text-editor\" data-id=\"cd74b69\" data-element_type=\"widget\" data-e-type=\"widget\" data-widget_type=\"text-editor.default\">\n\t\t\t\t<div class=\"elementor-widget-container\">\n\t\t\t\t\t\t\t\t\t<h3 style=\"text-align: center;\">Embajadores locales<\/h3><p>Los embajadores locales desempe\u00f1an un papel vital en nuestra misi\u00f3n al movilizar e involucrar a donantes de sangre nuevos y activos dentro de sus comunidades. Buscamos trabajadores sociales, l\u00edderes estudiantiles y l\u00edderes de ONG apasionados por marcar la diferencia.<\/p><p>\u00a0<\/p><p>Como embajador local, podr\u00e1s:<\/p><p>\u00a0<\/p><ul><li>Inspirar y educar a las personas sobre la importancia de la donaci\u00f3n de sangre.<\/li><li>Organizar campa\u00f1as de sensibilizaci\u00f3n y campa\u00f1as de donaci\u00f3n de sangre a nivel local.<\/li><li>Fomentar una comunidad de donantes solidaria y comprometida.<\/li><\/ul>\t\t\t\t\t\t\t\t<\/div>\n\t\t\t\t<\/div>\n\t\t\t\t\t<\/div>\n\t\t<\/div>\n\t\t\t\t\t<\/div>\n\t\t<\/section>\n\t\t\t\t<section class=\"penci-section penci-disSticky penci-structure-10 elementor-section elementor-top-section elementor-element elementor-element-0ddbe5b elementor-section-boxed elementor-section-height-default elementor-section-height-default\" data-id=\"0ddbe5b\" data-element_type=\"section\" data-e-type=\"section\">\n\t\t\t\t\t\t<div class=\"elementor-container elementor-column-gap-default\">\n\t\t\t\t\t<div class=\"penci-ercol-100 penci-ercol-order-1 penci-sticky-ct    elementor-column elementor-col-100 elementor-top-column elementor-element elementor-element-44a9b51\" data-id=\"44a9b51\" data-element_type=\"column\" data-e-type=\"column\">\n\t\t\t<div class=\"elementor-widget-wrap elementor-element-populated\">\n\t\t\t\t\t\t<div class=\"elementor-element elementor-element-d4645d3 elementor-widget elementor-widget-text-editor\" data-id=\"d4645d3\" data-element_type=\"widget\" data-e-type=\"widget\" data-widget_type=\"text-editor.default\">\n\t\t\t\t<div class=\"elementor-widget-container\">\n\t\t\t\t\t\t\t\t\t<h3 style=\"text-align: center;\">Influencers sociales<\/h3><p>Los influencers de las redes sociales tienen el poder de llegar e inspirar a una amplia audiencia. Al asociarse con 100 Blood Donation, las personas influyentes pueden ayudar a amplificar nuestro mensaje y misi\u00f3n.<\/p><p>\u00a0<\/p><p>Como Influencer, podr\u00e1s:<\/p><p>\u00a0<\/p><ul><li>Utilice su plataforma para crear conciencia sobre la necesidad cr\u00edtica de donaciones de sangre.<\/li><li>Comparta historias y contenido que destaquen el impacto de la donaci\u00f3n de sangre.<\/li><li>Anima a tus seguidores a convertirse en donantes habituales de sangre y apoyar nuestra causa.<\/li><\/ul>\t\t\t\t\t\t\t\t<\/div>\n\t\t\t\t<\/div>\n\t\t\t\t\t<\/div>\n\t\t<\/div>\n\t\t\t\t\t<\/div>\n\t\t<\/section>\n\t\t\t\t<section class=\"penci-section penci-disSticky penci-structure-10 elementor-section elementor-top-section elementor-element elementor-element-c807b84 elementor-section-boxed elementor-section-height-default elementor-section-height-default\" data-id=\"c807b84\" data-element_type=\"section\" data-e-type=\"section\">\n\t\t\t\t\t\t<div class=\"elementor-container elementor-column-gap-default\">\n\t\t\t\t\t<div class=\"penci-ercol-100 penci-ercol-order-1 penci-sticky-ct    elementor-column elementor-col-100 elementor-top-column elementor-element elementor-element-023c176\" data-id=\"023c176\" data-element_type=\"column\" data-e-type=\"column\">\n\t\t\t<div class=\"elementor-widget-wrap elementor-element-populated\">\n\t\t\t\t\t\t<div class=\"elementor-element elementor-element-05e4d59 elementor-widget elementor-widget-text-editor\" data-id=\"05e4d59\" data-element_type=\"widget\" data-e-type=\"widget\" data-widget_type=\"text-editor.default\">\n\t\t\t\t<div class=\"elementor-widget-container\">\n\t\t\t\t\t\t\t\t\t<h3 style=\"text-align: center;\">Socios de impacto<\/h3><p>Nuestros socios son esenciales para ampliar nuestro alcance e impacto. Colaboramos con corporaciones, ONG, centros de donaci\u00f3n de sangre, universidades y fundaciones que comparten nuestros valores y compromiso de salvar vidas. Como socio, puede apoyarnos de varias maneras, que incluyen:<\/p><p>\u00a0<\/p><ul><li>Apoyo financiero: Proporcionar fondos para apoyar nuestras iniciativas y campa\u00f1as de donaci\u00f3n de sangre.<\/li><li>Log\u00edstica: Colaborar con la planificaci\u00f3n y ejecuci\u00f3n de eventos de donaci\u00f3n de sangre.<\/li><li>Comunicaci\u00f3n: Ayude a difundir nuestro mensaje a trav\u00e9s de sus redes y plataformas.<\/li><\/ul>\t\t\t\t\t\t\t\t<\/div>\n\t\t\t\t<\/div>\n\t\t\t\t\t<\/div>\n\t\t<\/div>\n\t\t\t\t\t<\/div>\n\t\t<\/section>\n\t\t\t\t<section class=\"penci-section penci-disSticky penci-structure-10 elementor-section elementor-top-section elementor-element elementor-element-6155e57 elementor-section-boxed elementor-section-height-default elementor-section-height-default\" data-id=\"6155e57\" data-element_type=\"section\" data-e-type=\"section\">\n\t\t\t\t\t\t<div class=\"elementor-container elementor-column-gap-default\">\n\t\t\t\t\t<div class=\"penci-ercol-100 penci-ercol-order-1 penci-sticky-ct    elementor-column elementor-col-100 elementor-top-column elementor-element elementor-element-b87db48\" data-id=\"b87db48\" data-element_type=\"column\" data-e-type=\"column\">\n\t\t\t<div class=\"elementor-widget-wrap elementor-element-populated\">\n\t\t\t\t\t\t<div class=\"elementor-element elementor-element-9890968 elementor-widget elementor-widget-text-editor\" data-id=\"9890968\" data-element_type=\"widget\" data-e-type=\"widget\" data-widget_type=\"text-editor.default\">\n\t\t\t\t<div class=\"elementor-widget-container\">\n\t\t\t\t\t\t\t\t\t<h2>\u00bfPor qu\u00e9 asociarse con 100 Blood Donation?<\/h2>\n<ul>\n<li><strong>Impacto<\/strong>: Su apoyo contribuye directamente a salvar vidas y construir una comunidad m\u00e1s sana y fuerte.<\/li>\n<li><strong>Visibilidad<\/strong>: obtenga reconocimiento como partidario clave de una causa vital.<\/li>\n<li><strong>Compromiso<\/strong>: con\u00e9ctese con una comunidad global de personas y organizaciones con ideas afines dedicadas a marcar la diferencia.<\/li>\n<\/ul>\n\t\t\t\t\t\t\t\t<\/div>\n\t\t\t\t<\/div>\n\t\t\t\t\t<\/div>\n\t\t<\/div>\n\t\t\t\t\t<\/div>\n\t\t<\/section>\n\t\t\t\t<section class=\"penci-section penci-disSticky penci-structure-10 elementor-section elementor-top-section elementor-element elementor-element-df0081b elementor-section-boxed elementor-section-height-default elementor-section-height-default\" data-id=\"df0081b\" data-element_type=\"section\" data-e-type=\"section\">\n\t\t\t\t\t\t<div class=\"elementor-container elementor-column-gap-default\">\n\t\t\t\t\t<div class=\"penci-ercol-100 penci-ercol-order-1 penci-sticky-ct    elementor-column elementor-col-100 elementor-top-column elementor-element elementor-element-29ce9bd\" data-id=\"29ce9bd\" data-element_type=\"column\" data-e-type=\"column\">\n\t\t\t<div class=\"elementor-widget-wrap elementor-element-populated\">\n\t\t\t\t\t\t<div class=\"elementor-element elementor-element-7e0f2b1 elementor-widget elementor-widget-text-editor\" data-id=\"7e0f2b1\" data-element_type=\"widget\" data-e-type=\"widget\" data-widget_type=\"text-editor.default\">\n\t\t\t\t<div class=\"elementor-widget-container\">\n\t\t\t\t\t\t\t\t\t<h2>Cont\u00e1ctenos<\/h2><p>Para obtener m\u00e1s informaci\u00f3n sobre c\u00f3mo puede apoyar a 100 Blood Donation, comun\u00edquese con nosotros a: contact@100blooddonation.com<\/p><p>\u00a0<\/p><p>\u00a0<\/p>\t\t\t\t\t\t\t\t<\/div>\n\t\t\t\t<\/div>\n\t\t\t\t\t<\/div>\n\t\t<\/div>\n\t\t\t\t\t<\/div>\n\t\t<\/section>\n\t\t\t\t<\/div>\n\t\t","protected":false},"excerpt":{"rendered":"<p>\u00danete a nosotros en salvar vidas Gracias por considerar apoyar 100 Blood Donation. Su participaci\u00f3n es crucial para nuestra misi\u00f3n. Trabajemos juntos para lograr un impacto duradero. \u00a0 Juntos podemos&hellip;<\/p>\n","protected":false},"author":1,"featured_media":1255,"parent":0,"menu_order":0,"comment_status":"closed","ping_status":"closed","template":"elementor_header_footer","meta":{"_lmt_disableupdate":"","_lmt_disable":"","footnotes":""},"class_list":["post-700","page","type-page","status-publish","has-post-thumbnail","hentry"],"yoast_head":"<!-- This site is optimized with the Yoast SEO Premium plugin v27.3 (Yoast SEO v27.4) - https:\/\/yoast.com\/product\/yoast-seo-premium-wordpress\/ -->\n<title>Comunidad - 100 Blood Donation<\/title>\n<meta name=\"robots\" content=\"index, follow, max-snippet:-1, max-image-preview:large, max-video-preview:-1\" \/>\n<link rel=\"canonical\" href=\"https:\/\/100blooddonation.com\/es\/comunidad\/\" \/>\n<meta property=\"og:locale\" content=\"es_ES\" \/>\n<meta property=\"og:type\" content=\"article\" \/>\n<meta property=\"og:title\" content=\"Comunidad\" \/>\n<meta property=\"og:description\" content=\"\u00danete a nosotros en salvar vidas Gracias por considerar apoyar 100 Blood Donation. Su participaci\u00f3n es crucial para nuestra misi\u00f3n. Trabajemos juntos para lograr un impacto duradero. \u00a0 Juntos podemos&hellip;\" \/>\n<meta property=\"og:url\" content=\"https:\/\/100blooddonation.com\/es\/comunidad\/\" \/>\n<meta property=\"og:site_name\" content=\"100 Blood Donation\" \/>\n<meta property=\"article:publisher\" content=\"https:\/\/www.facebook.com\/100BloodDonation\" \/>\n<meta property=\"article:modified_time\" content=\"2024-07-11T14:35:44+00:00\" \/>\n<meta property=\"og:image\" content=\"https:\/\/100blooddonation.com\/wp-content\/uploads\/2024\/07\/isupport-1-1-150x150-1.png\" \/>\n\t<meta property=\"og:image:width\" content=\"150\" \/>\n\t<meta property=\"og:image:height\" content=\"150\" \/>\n\t<meta property=\"og:image:type\" content=\"image\/png\" \/>\n<meta name=\"twitter:card\" content=\"summary_large_image\" \/>\n<meta name=\"twitter:site\" content=\"@_blooddonation_\" \/>\n<meta name=\"twitter:label1\" content=\"Tiempo de lectura\" \/>\n\t<meta name=\"twitter:data1\" content=\"3 minutos\" \/>\n<script type=\"application\/ld+json\" class=\"yoast-schema-graph\">{\"@context\":\"https:\\\/\\\/schema.org\",\"@graph\":[{\"@type\":\"WebPage\",\"@id\":\"https:\\\/\\\/100blooddonation.com\\\/es\\\/comunidad\\\/\",\"url\":\"https:\\\/\\\/100blooddonation.com\\\/es\\\/comunidad\\\/\",\"name\":\"Comunidad - 100 Blood Donation\",\"isPartOf\":{\"@id\":\"https:\\\/\\\/100blooddonation.com\\\/#website\"},\"primaryImageOfPage\":{\"@id\":\"https:\\\/\\\/100blooddonation.com\\\/es\\\/comunidad\\\/#primaryimage\"},\"image\":{\"@id\":\"https:\\\/\\\/100blooddonation.com\\\/es\\\/comunidad\\\/#primaryimage\"},\"thumbnailUrl\":\"https:\\\/\\\/100blooddonation.com\\\/wp-content\\\/uploads\\\/2024\\\/07\\\/isupport-1-1-150x150-1.png\",\"datePublished\":\"2022-02-28T09:56:40+00:00\",\"dateModified\":\"2024-07-11T14:35:44+00:00\",\"breadcrumb\":{\"@id\":\"https:\\\/\\\/100blooddonation.com\\\/es\\\/comunidad\\\/#breadcrumb\"},\"inLanguage\":\"es\",\"potentialAction\":[{\"@type\":\"ReadAction\",\"target\":[\"https:\\\/\\\/100blooddonation.com\\\/es\\\/comunidad\\\/\"]}]},{\"@type\":\"ImageObject\",\"inLanguage\":\"es\",\"@id\":\"https:\\\/\\\/100blooddonation.com\\\/es\\\/comunidad\\\/#primaryimage\",\"url\":\"https:\\\/\\\/100blooddonation.com\\\/wp-content\\\/uploads\\\/2024\\\/07\\\/isupport-1-1-150x150-1.png\",\"contentUrl\":\"https:\\\/\\\/100blooddonation.com\\\/wp-content\\\/uploads\\\/2024\\\/07\\\/isupport-1-1-150x150-1.png\",\"width\":150,\"height\":150},{\"@type\":\"BreadcrumbList\",\"@id\":\"https:\\\/\\\/100blooddonation.com\\\/es\\\/comunidad\\\/#breadcrumb\",\"itemListElement\":[{\"@type\":\"ListItem\",\"position\":1,\"name\":\"Home\",\"item\":\"https:\\\/\\\/100blooddonation.com\\\/es\\\/\"},{\"@type\":\"ListItem\",\"position\":2,\"name\":\"Comunidad\"}]},{\"@type\":\"WebSite\",\"@id\":\"https:\\\/\\\/100blooddonation.com\\\/#website\",\"url\":\"https:\\\/\\\/100blooddonation.com\\\/\",\"name\":\"100 Blood Donation\",\"description\":\"The Gift of Life\",\"publisher\":{\"@id\":\"https:\\\/\\\/100blooddonation.com\\\/#organization\"},\"potentialAction\":[{\"@type\":\"SearchAction\",\"target\":{\"@type\":\"EntryPoint\",\"urlTemplate\":\"https:\\\/\\\/100blooddonation.com\\\/?s={search_term_string}\"},\"query-input\":{\"@type\":\"PropertyValueSpecification\",\"valueRequired\":true,\"valueName\":\"search_term_string\"}}],\"inLanguage\":\"es\"},{\"@type\":\"Organization\",\"@id\":\"https:\\\/\\\/100blooddonation.com\\\/#organization\",\"name\":\"100 Blood Donation\",\"url\":\"https:\\\/\\\/100blooddonation.com\\\/\",\"logo\":{\"@type\":\"ImageObject\",\"inLanguage\":\"es\",\"@id\":\"https:\\\/\\\/100blooddonation.com\\\/#\\\/schema\\\/logo\\\/image\\\/\",\"url\":\"https:\\\/\\\/100blooddonation.com\\\/wp-content\\\/uploads\\\/2024\\\/06\\\/100-Blood-Donation-Logo-solo.png\",\"contentUrl\":\"https:\\\/\\\/100blooddonation.com\\\/wp-content\\\/uploads\\\/2024\\\/06\\\/100-Blood-Donation-Logo-solo.png\",\"width\":1000,\"height\":1000,\"caption\":\"100 Blood Donation\"},\"image\":{\"@id\":\"https:\\\/\\\/100blooddonation.com\\\/#\\\/schema\\\/logo\\\/image\\\/\"},\"sameAs\":[\"https:\\\/\\\/www.facebook.com\\\/100BloodDonation\",\"https:\\\/\\\/x.com\\\/_blooddonation_\",\"https:\\\/\\\/www.linkedin.com\\\/company\\\/100blooddonation\",\"https:\\\/\\\/www.instagram.com\\\/100blooddonation\"]}]}<\/script>\n<!-- \/ Yoast SEO Premium plugin. -->","yoast_head_json":{"title":"Comunidad - 100 Blood Donation","robots":{"index":"index","follow":"follow","max-snippet":"max-snippet:-1","max-image-preview":"max-image-preview:large","max-video-preview":"max-video-preview:-1"},"canonical":"https:\/\/100blooddonation.com\/es\/comunidad\/","og_locale":"es_ES","og_type":"article","og_title":"Comunidad","og_description":"\u00danete a nosotros en salvar vidas Gracias por considerar apoyar 100 Blood Donation. Su participaci\u00f3n es crucial para nuestra misi\u00f3n. Trabajemos juntos para lograr un impacto duradero. \u00a0 Juntos podemos&hellip;","og_url":"https:\/\/100blooddonation.com\/es\/comunidad\/","og_site_name":"100 Blood Donation","article_publisher":"https:\/\/www.facebook.com\/100BloodDonation","article_modified_time":"2024-07-11T14:35:44+00:00","og_image":[{"width":150,"height":150,"url":"https:\/\/100blooddonation.com\/wp-content\/uploads\/2024\/07\/isupport-1-1-150x150-1.png","type":"image\/png"}],"twitter_card":"summary_large_image","twitter_site":"@_blooddonation_","twitter_misc":{"Tiempo de lectura":"3 minutos"},"schema":{"@context":"https:\/\/schema.org","@graph":[{"@type":"WebPage","@id":"https:\/\/100blooddonation.com\/es\/comunidad\/","url":"https:\/\/100blooddonation.com\/es\/comunidad\/","name":"Comunidad - 100 Blood Donation","isPartOf":{"@id":"https:\/\/100blooddonation.com\/#website"},"primaryImageOfPage":{"@id":"https:\/\/100blooddonation.com\/es\/comunidad\/#primaryimage"},"image":{"@id":"https:\/\/100blooddonation.com\/es\/comunidad\/#primaryimage"},"thumbnailUrl":"https:\/\/100blooddonation.com\/wp-content\/uploads\/2024\/07\/isupport-1-1-150x150-1.png","datePublished":"2022-02-28T09:56:40+00:00","dateModified":"2024-07-11T14:35:44+00:00","breadcrumb":{"@id":"https:\/\/100blooddonation.com\/es\/comunidad\/#breadcrumb"},"inLanguage":"es","potentialAction":[{"@type":"ReadAction","target":["https:\/\/100blooddonation.com\/es\/comunidad\/"]}]},{"@type":"ImageObject","inLanguage":"es","@id":"https:\/\/100blooddonation.com\/es\/comunidad\/#primaryimage","url":"https:\/\/100blooddonation.com\/wp-content\/uploads\/2024\/07\/isupport-1-1-150x150-1.png","contentUrl":"https:\/\/100blooddonation.com\/wp-content\/uploads\/2024\/07\/isupport-1-1-150x150-1.png","width":150,"height":150},{"@type":"BreadcrumbList","@id":"https:\/\/100blooddonation.com\/es\/comunidad\/#breadcrumb","itemListElement":[{"@type":"ListItem","position":1,"name":"Home","item":"https:\/\/100blooddonation.com\/es\/"},{"@type":"ListItem","position":2,"name":"Comunidad"}]},{"@type":"WebSite","@id":"https:\/\/100blooddonation.com\/#website","url":"https:\/\/100blooddonation.com\/","name":"100 Blood Donation","description":"The Gift of Life","publisher":{"@id":"https:\/\/100blooddonation.com\/#organization"},"potentialAction":[{"@type":"SearchAction","target":{"@type":"EntryPoint","urlTemplate":"https:\/\/100blooddonation.com\/?s={search_term_string}"},"query-input":{"@type":"PropertyValueSpecification","valueRequired":true,"valueName":"search_term_string"}}],"inLanguage":"es"},{"@type":"Organization","@id":"https:\/\/100blooddonation.com\/#organization","name":"100 Blood Donation","url":"https:\/\/100blooddonation.com\/","logo":{"@type":"ImageObject","inLanguage":"es","@id":"https:\/\/100blooddonation.com\/#\/schema\/logo\/image\/","url":"https:\/\/100blooddonation.com\/wp-content\/uploads\/2024\/06\/100-Blood-Donation-Logo-solo.png","contentUrl":"https:\/\/100blooddonation.com\/wp-content\/uploads\/2024\/06\/100-Blood-Donation-Logo-solo.png","width":1000,"height":1000,"caption":"100 Blood Donation"},"image":{"@id":"https:\/\/100blooddonation.com\/#\/schema\/logo\/image\/"},"sameAs":["https:\/\/www.facebook.com\/100BloodDonation","https:\/\/x.com\/_blooddonation_","https:\/\/www.linkedin.com\/company\/100blooddonation","https:\/\/www.instagram.com\/100blooddonation"]}]}},"_links":{"self":[{"href":"https:\/\/100blooddonation.com\/es\/wp-json\/wp\/v2\/pages\/700","targetHints":{"allow":["GET"]}}],"collection":[{"href":"https:\/\/100blooddonation.com\/es\/wp-json\/wp\/v2\/pages"}],"about":[{"href":"https:\/\/100blooddonation.com\/es\/wp-json\/wp\/v2\/types\/page"}],"author":[{"embeddable":true,"href":"https:\/\/100blooddonation.com\/es\/wp-json\/wp\/v2\/users\/1"}],"replies":[{"embeddable":true,"href":"https:\/\/100blooddonation.com\/es\/wp-json\/wp\/v2\/comments?post=700"}],"version-history":[{"count":11,"href":"https:\/\/100blooddonation.com\/es\/wp-json\/wp\/v2\/pages\/700\/revisions"}],"predecessor-version":[{"id":1585,"href":"https:\/\/100blooddonation.com\/es\/wp-json\/wp\/v2\/pages\/700\/revisions\/1585"}],"wp:featuredmedia":[{"embeddable":true,"href":"https:\/\/100blooddonation.com\/es\/wp-json\/wp\/v2\/media\/1255"}],"wp:attachment":[{"href":"https:\/\/100blooddonation.com\/es\/wp-json\/wp\/v2\/media?parent=700"}],"curies":[{"name":"wp","href":"https:\/\/api.w.org\/{rel}","templated":true}]}}