{"id":689,"date":"2022-02-28T09:13:01","date_gmt":"2022-02-28T09:13:01","guid":{"rendered":"https:\/\/100blooddonation.com\/sobre\/"},"modified":"2024-07-11T14:01:09","modified_gmt":"2024-07-11T14:01:09","slug":"sobre","status":"publish","type":"page","link":"https:\/\/100blooddonation.com\/es\/sobre\/","title":{"rendered":"Acerca de"},"content":{"rendered":"\t\t<div data-elementor-type=\"wp-page\" data-elementor-id=\"689\" class=\"elementor elementor-689 elementor-116\">\n\t\t\t\t\t\t<section class=\"penci-section penci-disSticky penci-structure-10 elementor-section elementor-top-section elementor-element elementor-element-316ed79 elementor-section-boxed elementor-section-height-default elementor-section-height-default\" data-id=\"316ed79\" data-element_type=\"section\" data-e-type=\"section\">\n\t\t\t\t\t\t<div class=\"elementor-container elementor-column-gap-default\">\n\t\t\t\t\t<div class=\"penci-ercol-100 penci-ercol-order-1 penci-sticky-ct    elementor-column elementor-col-100 elementor-top-column elementor-element elementor-element-fc60bcf\" data-id=\"fc60bcf\" data-element_type=\"column\" data-e-type=\"column\">\n\t\t\t<div class=\"elementor-widget-wrap elementor-element-populated\">\n\t\t\t\t\t\t<div class=\"elementor-element elementor-element-b372e0e elementor-widget elementor-widget-image\" data-id=\"b372e0e\" data-element_type=\"widget\" data-e-type=\"widget\" data-widget_type=\"image.default\">\n\t\t\t\t<div class=\"elementor-widget-container\">\n\t\t\t\t\t\t\t\t\t\t\t\t\t\t\t<img fetchpriority=\"high\" decoding=\"async\" width=\"300\" height=\"200\" src=\"https:\/\/100blooddonation.com\/wp-content\/uploads\/2021\/12\/isupport-1-1-300x200.png\" class=\"attachment-medium size-medium wp-image-108\" alt=\"100blooddonation blood donation donate the gift of life\" srcset=\"https:\/\/100blooddonation.com\/wp-content\/uploads\/2021\/12\/isupport-1-1-300x200.png 300w, https:\/\/100blooddonation.com\/wp-content\/uploads\/2021\/12\/isupport-1-1-1024x683.png 1024w, https:\/\/100blooddonation.com\/wp-content\/uploads\/2021\/12\/isupport-1-1-768x512.png 768w, https:\/\/100blooddonation.com\/wp-content\/uploads\/2021\/12\/isupport-1-1-624x416.png 624w, https:\/\/100blooddonation.com\/wp-content\/uploads\/2021\/12\/isupport-1-1-600x400.png 600w, https:\/\/100blooddonation.com\/wp-content\/uploads\/2021\/12\/isupport-1-1.png 1200w\" sizes=\"(max-width: 300px) 100vw, 300px\" \/>\t\t\t\t\t\t\t\t\t\t\t\t\t\t\t<\/div>\n\t\t\t\t<\/div>\n\t\t\t\t\t<\/div>\n\t\t<\/div>\n\t\t\t\t\t<\/div>\n\t\t<\/section>\n\t\t\t\t<section class=\"penci-section penci-dmcheck penci-elbg-activate penci-disSticky penci-structure-10 elementor-section elementor-top-section elementor-element elementor-element-e859aa6 elementor-section-boxed elementor-section-height-default elementor-section-height-default\" data-id=\"e859aa6\" data-element_type=\"section\" data-e-type=\"section\" data-settings=\"{&quot;background_background&quot;:&quot;classic&quot;}\">\n\t\t\t\t\t\t<div class=\"elementor-container elementor-column-gap-default\">\n\t\t\t\t\t<div class=\"penci-ercol-100 penci-ercol-order-1 penci-sticky-ct    elementor-column elementor-col-100 elementor-top-column elementor-element elementor-element-3ef08ac\" data-id=\"3ef08ac\" data-element_type=\"column\" data-e-type=\"column\">\n\t\t\t<div class=\"elementor-widget-wrap elementor-element-populated\">\n\t\t\t\t\t\t<div class=\"elementor-element elementor-element-e0d47dd elementor-widget elementor-widget-heading\" data-id=\"e0d47dd\" data-element_type=\"widget\" data-e-type=\"widget\" data-widget_type=\"heading.default\">\n\t\t\t\t<div class=\"elementor-widget-container\">\n\t\t\t\t\t<h1 class=\"elementor-heading-title elementor-size-default\">Bienvenido a 100 Blood Donation<\/h1>\t\t\t\t<\/div>\n\t\t\t\t<\/div>\n\t\t\t\t\t<\/div>\n\t\t<\/div>\n\t\t\t\t\t<\/div>\n\t\t<\/section>\n\t\t\t\t<section class=\"penci-section penci-disSticky penci-structure-10 elementor-section elementor-top-section elementor-element elementor-element-7c59f21 elementor-section-boxed elementor-section-height-default elementor-section-height-default\" data-id=\"7c59f21\" data-element_type=\"section\" data-e-type=\"section\">\n\t\t\t\t\t\t<div class=\"elementor-container elementor-column-gap-default\">\n\t\t\t\t\t<div class=\"penci-ercol-100 penci-ercol-order-1 penci-sticky-ct    elementor-column elementor-col-100 elementor-top-column elementor-element elementor-element-ea0b1fd\" data-id=\"ea0b1fd\" data-element_type=\"column\" data-e-type=\"column\">\n\t\t\t<div class=\"elementor-widget-wrap elementor-element-populated\">\n\t\t\t\t\t\t<div class=\"elementor-element elementor-element-1ef85d0 elementor-widget elementor-widget-text-editor\" data-id=\"1ef85d0\" data-element_type=\"widget\" data-e-type=\"widget\" data-widget_type=\"text-editor.default\">\n\t\t\t\t<div class=\"elementor-widget-container\">\n\t\t\t\t\t\t\t\t\t<p>En 100 Blood Donation, creemos que donar sangre es m\u00e1s que un acto de generosidad: es un compromiso para salvar vidas. Fundada en 2017, nuestra iniciativa inspira a las personas a donar sangre 100 veces a lo largo de su vida. Una verdad simple pero poderosa impulsa este ambicioso objetivo: la donaci\u00f3n es la \u00fanica soluci\u00f3n; La recaudaci\u00f3n de dinero por s\u00ed sola no puede resolver la necesidad cr\u00edtica de donaciones de sangre.<\/p><p>\u00a0<\/p><h2>Nuestra misi\u00f3n:<\/h2><ul><li><strong>Crear conciencia:<\/strong> educar a la comunidad global sobre la importancia de la donaci\u00f3n de sangre para salvar vidas.<\/li><li><strong>Construya y mantenga una comunidad global:<\/strong> una a los donantes de sangre de todo el mundo para crear una red activa y de apoyo.<\/li><li><strong>Involucrar a embajadores y personas influyentes<\/strong>: aliente a personas influyentes, sean donantes o no, a defender e inspirar a otros a donar.<\/li><li><strong>As\u00f3ciese con organizaciones impulsadas por un prop\u00f3sito:<\/strong> colabore con organizaciones que comparten nuestros valores y dedicaci\u00f3n a la causa.<\/li><\/ul><h2><br \/>\u00bfPor qu\u00e9 donar sangre?<\/h2><p><br \/>Cada donaci\u00f3n tiene el potencial de salvar m\u00faltiples vidas. La sangre es un recurso que no se puede fabricar; s\u00f3lo puede provenir de donantes generosos como usted. Al comprometerse a donar, est\u00e1 haciendo una contribuci\u00f3n directa e impactante a quienes lo necesitan, desde v\u00edctimas de accidentes hasta pacientes sometidos a cirug\u00eda o que reciben tratamiento por enfermedades graves.<\/p><p>\u00a0<\/p><h2>\u00danete a nuestra comunidad<\/h2><p>En 100 Blood Donation, somos m\u00e1s que un grupo de donantes; Somos una comunidad global unida por un prop\u00f3sito compartido. Ya sea que sea un donante por primera vez o un veterano experimentado, su contribuci\u00f3n es invaluable. Lo invitamos a unirse a nosotros en nuestra misi\u00f3n y ser parte de nuestro viaje para marcar una diferencia duradera.<\/p><p>\u00a0<\/p><h2>Involucrarse<\/h2><ul><li><strong>Dona:<\/strong> Tu sangre puede salvar vidas. Comprom\u00e9tete a donar regularmente y ay\u00fadanos a alcanzar nuestra meta de 100 donaciones por persona.<\/li><li><strong>Compartir<\/strong>: Corre la voz sobre la importancia de la donaci\u00f3n de sangre. Utilice su voz para crear conciencia e inspirar a otros.<\/li><li><strong>Comprom\u00e9tete:<\/strong> \u00fanete a nuestra comunidad de donantes, embajadores y socios dedicados. Juntos podemos lograr un impacto significativo.<\/li><\/ul><h2>As\u00f3ciese con nosotros<\/h2><p>Estamos orgullosos de colaborar con organizaciones con un prop\u00f3sito que comparten nuestro compromiso de salvar vidas mediante la donaci\u00f3n de sangre.<\/p><p>\u00a0<\/p><p>Trabajando juntos, amplificamos nuestros esfuerzos y ampliamos nuestro alcance. Si a su organizaci\u00f3n le apasiona marcar la diferencia, lo invitamos a asociarse con nosotros y unirse a nuestra comunidad.<\/p>\t\t\t\t\t\t\t\t<\/div>\n\t\t\t\t<\/div>\n\t\t\t\t\t<\/div>\n\t\t<\/div>\n\t\t\t\t\t<\/div>\n\t\t<\/section>\n\t\t\t\t<section class=\"penci-section penci-disSticky penci-structure-10 elementor-section elementor-top-section elementor-element elementor-element-82271cc elementor-section-boxed elementor-section-height-default elementor-section-height-default\" data-id=\"82271cc\" data-element_type=\"section\" data-e-type=\"section\">\n\t\t\t\t\t\t<div class=\"elementor-container elementor-column-gap-default\">\n\t\t\t\t\t<div class=\"penci-ercol-100 penci-ercol-order-1 penci-sticky-ct    elementor-column elementor-col-100 elementor-top-column elementor-element elementor-element-1e2b1ff\" data-id=\"1e2b1ff\" data-element_type=\"column\" data-e-type=\"column\">\n\t\t\t<div class=\"elementor-widget-wrap elementor-element-populated\">\n\t\t\t\t\t\t<section class=\"penci-section penci-dmcheck penci-elbg-activate penci-disSticky penci-structure-20 elementor-section elementor-inner-section elementor-element elementor-element-17a2cca1 elementor-section-boxed elementor-section-height-default elementor-section-height-default\" data-id=\"17a2cca1\" data-element_type=\"section\" data-e-type=\"section\" data-settings=\"{&quot;background_background&quot;:&quot;classic&quot;}\">\n\t\t\t\t\t\t<div class=\"elementor-container elementor-column-gap-default\">\n\t\t\t\t\t<div class=\"penci-ercol-50 penci-ercol-order-1 penci-sticky-ct    elementor-column elementor-col-50 elementor-inner-column elementor-element elementor-element-7ea08566\" data-id=\"7ea08566\" data-element_type=\"column\" data-e-type=\"column\" data-settings=\"{&quot;animation&quot;:&quot;none&quot;}\">\n\t\t\t<div class=\"elementor-widget-wrap elementor-element-populated\">\n\t\t\t\t\t\t<div class=\"elementor-element elementor-element-2c67dbc6 elementor-widget elementor-widget-image\" data-id=\"2c67dbc6\" data-element_type=\"widget\" data-e-type=\"widget\" data-widget_type=\"image.default\">\n\t\t\t\t<div class=\"elementor-widget-container\">\n\t\t\t\t\t\t\t\t\t\t\t\t\t\t\t<img decoding=\"async\" src=\"https:\/\/100blooddonation.com\/wp-content\/uploads\/elementor\/thumbs\/Yassine-Bentaleb-2023-crop-qq86ba4hzios8wb24x2dks7zsxi7l2xl23jo2onpo8.jpg\" title=\"Yassine Bentaleb 2023 crop\" alt=\"Yassine Bentaleb 2023 crop\" loading=\"lazy\" \/>\t\t\t\t\t\t\t\t\t\t\t\t\t\t\t<\/div>\n\t\t\t\t<\/div>\n\t\t\t\t\t<\/div>\n\t\t<\/div>\n\t\t\t\t<div class=\"penci-ercol-50 penci-ercol-order-2 penci-sticky-ct    elementor-column elementor-col-50 elementor-inner-column elementor-element elementor-element-1fd304\" data-id=\"1fd304\" data-element_type=\"column\" data-e-type=\"column\">\n\t\t\t<div class=\"elementor-widget-wrap elementor-element-populated\">\n\t\t\t\t\t\t<div class=\"elementor-element elementor-element-256dac8f elementor-widget elementor-widget-heading\" data-id=\"256dac8f\" data-element_type=\"widget\" data-e-type=\"widget\" data-widget_type=\"heading.default\">\n\t\t\t\t<div class=\"elementor-widget-container\">\n\t\t\t\t\t<h4 class=\"elementor-heading-title elementor-size-default\">Yassine Bentaleb<\/h4>\t\t\t\t<\/div>\n\t\t\t\t<\/div>\n\t\t\t\t<div class=\"elementor-element elementor-element-6fe05464 elementor-widget elementor-widget-heading\" data-id=\"6fe05464\" data-element_type=\"widget\" data-e-type=\"widget\" data-widget_type=\"heading.default\">\n\t\t\t\t<div class=\"elementor-widget-container\">\n\t\t\t\t\t<h2 class=\"elementor-heading-title elementor-size-default\">Founder<\/h2>\t\t\t\t<\/div>\n\t\t\t\t<\/div>\n\t\t\t\t<div class=\"elementor-element elementor-element-1b8730a elementor-widget elementor-widget-heading\" data-id=\"1b8730a\" data-element_type=\"widget\" data-e-type=\"widget\" data-widget_type=\"heading.default\">\n\t\t\t\t<div class=\"elementor-widget-container\">\n\t\t\t\t\t<h3 class=\"elementor-heading-title elementor-size-default\">\"Comenc\u00e9 100 Blood Donation en 2017 porque me di cuenta de que donar sangre es la \u00fanica soluci\u00f3n a un problema cr\u00edtico: recaudar dinero por s\u00ed solo no puede resolver el problema; necesitamos personas que donen sangre con regularidad. \n\n<br><br>\n\nNuestra misi\u00f3n es construir una comunidad global de donantes que Estamos comprometidos a salvar vidas. \u00danase a nosotros en este viaje para salvar vidas. Su compromiso puede marcar la diferencia\".<\/h3>\t\t\t\t<\/div>\n\t\t\t\t<\/div>\n\t\t\t\t<div class=\"elementor-element elementor-element-bf4c65b e-grid-align-mobile-center elementor-shape-rounded elementor-grid-0 e-grid-align-center elementor-widget elementor-widget-social-icons\" data-id=\"bf4c65b\" data-element_type=\"widget\" data-e-type=\"widget\" data-widget_type=\"social-icons.default\">\n\t\t\t\t<div class=\"elementor-widget-container\">\n\t\t\t\t\t\t\t<div class=\"elementor-social-icons-wrapper elementor-grid\" role=\"list\">\n\t\t\t\t\t\t\t<span class=\"elementor-grid-item\" role=\"listitem\">\n\t\t\t\t\t<a class=\"elementor-icon elementor-social-icon elementor-social-icon-facebook-f elementor-repeater-item-5f98737\" href=\"https:\/\/www.facebook.com\/yassinebentaleb\" target=\"_blank\" data-penci-link=\"external\">\n\t\t\t\t\t\t<span class=\"elementor-screen-only\">Facebook-f<\/span>\n\t\t\t\t\t\t<i aria-hidden=\"true\" class=\"fab fa-facebook-f\"><\/i>\t\t\t\t\t<\/a>\n\t\t\t\t<\/span>\n\t\t\t\t\t\t\t<span class=\"elementor-grid-item\" role=\"listitem\">\n\t\t\t\t\t<a class=\"elementor-icon elementor-social-icon elementor-social-icon-linkedin elementor-repeater-item-822436a\" href=\"https:\/\/www.linkedin.com\/in\/yassinebentaleb\/\" target=\"_blank\" data-penci-link=\"external\">\n\t\t\t\t\t\t<span class=\"elementor-screen-only\">Linkedin<\/span>\n\t\t\t\t\t\t<i aria-hidden=\"true\" class=\"fab fa-linkedin\"><\/i>\t\t\t\t\t<\/a>\n\t\t\t\t<\/span>\n\t\t\t\t\t\t\t<span class=\"elementor-grid-item\" role=\"listitem\">\n\t\t\t\t\t<a class=\"elementor-icon elementor-social-icon elementor-social-icon-instagram elementor-repeater-item-2bf1ca6\" href=\"https:\/\/www.instagram.com\/yassinebentaleb_\" target=\"_blank\" data-penci-link=\"external\">\n\t\t\t\t\t\t<span class=\"elementor-screen-only\">Instagram<\/span>\n\t\t\t\t\t\t<i aria-hidden=\"true\" class=\"fab fa-instagram\"><\/i>\t\t\t\t\t<\/a>\n\t\t\t\t<\/span>\n\t\t\t\t\t\t\t<span class=\"elementor-grid-item\" role=\"listitem\">\n\t\t\t\t\t<a class=\"elementor-icon elementor-social-icon elementor-social-icon-twitter elementor-repeater-item-c779e2a\" href=\"https:\/\/twitter.com\/yasbentaleb\" target=\"_blank\" data-penci-link=\"external\">\n\t\t\t\t\t\t<span class=\"elementor-screen-only\">Twitter<\/span>\n\t\t\t\t\t\t<i aria-hidden=\"true\" class=\"fab fa-twitter\"><\/i>\t\t\t\t\t<\/a>\n\t\t\t\t<\/span>\n\t\t\t\t\t<\/div>\n\t\t\t\t\t\t<\/div>\n\t\t\t\t<\/div>\n\t\t\t\t\t<\/div>\n\t\t<\/div>\n\t\t\t\t\t<\/div>\n\t\t<\/section>\n\t\t\t\t\t<\/div>\n\t\t<\/div>\n\t\t\t\t\t<\/div>\n\t\t<\/section>\n\t\t\t\t<\/div>\n\t\t","protected":false},"excerpt":{"rendered":"<p>Bienvenido a 100 Blood Donation En 100 Blood Donation, creemos que donar sangre es m\u00e1s que un acto de generosidad: es un compromiso para salvar vidas. Fundada en 2017, nuestra&hellip;<\/p>\n","protected":false},"author":1,"featured_media":50,"parent":0,"menu_order":0,"comment_status":"closed","ping_status":"closed","template":"elementor_header_footer","meta":{"_lmt_disableupdate":"","_lmt_disable":"","footnotes":""},"class_list":["post-689","page","type-page","status-publish","has-post-thumbnail","hentry"],"yoast_head":"<!-- This site is optimized with the Yoast SEO Premium plugin v27.3 (Yoast SEO v27.4) - https:\/\/yoast.com\/product\/yoast-seo-premium-wordpress\/ -->\n<title>Acerca de - 100 Blood Donation<\/title>\n<meta name=\"robots\" content=\"index, follow, max-snippet:-1, max-image-preview:large, max-video-preview:-1\" \/>\n<link rel=\"canonical\" href=\"https:\/\/100blooddonation.com\/es\/sobre\/\" \/>\n<meta property=\"og:locale\" content=\"es_ES\" \/>\n<meta property=\"og:type\" content=\"article\" \/>\n<meta property=\"og:title\" content=\"Acerca de\" \/>\n<meta property=\"og:description\" content=\"Bienvenido a 100 Blood Donation En 100 Blood Donation, creemos que donar sangre es m\u00e1s que un acto de generosidad: es un compromiso para salvar vidas. Fundada en 2017, nuestra&hellip;\" \/>\n<meta property=\"og:url\" content=\"https:\/\/100blooddonation.com\/es\/sobre\/\" \/>\n<meta property=\"og:site_name\" content=\"100 Blood Donation\" \/>\n<meta property=\"article:publisher\" content=\"https:\/\/www.facebook.com\/100BloodDonation\" \/>\n<meta property=\"article:modified_time\" content=\"2024-07-11T14:01:09+00:00\" \/>\n<meta property=\"og:image\" content=\"https:\/\/100blooddonation.com\/wp-content\/uploads\/2021\/12\/landing-page-e1594627889405-1.png\" \/>\n\t<meta property=\"og:image:width\" content=\"350\" \/>\n\t<meta property=\"og:image:height\" content=\"350\" \/>\n\t<meta property=\"og:image:type\" content=\"image\/png\" \/>\n<meta name=\"twitter:card\" content=\"summary_large_image\" \/>\n<meta name=\"twitter:site\" content=\"@_blooddonation_\" \/>\n<meta name=\"twitter:label1\" content=\"Tiempo de lectura\" \/>\n\t<meta name=\"twitter:data1\" content=\"3 minutos\" \/>\n<script type=\"application\/ld+json\" class=\"yoast-schema-graph\">{\"@context\":\"https:\\\/\\\/schema.org\",\"@graph\":[{\"@type\":\"WebPage\",\"@id\":\"https:\\\/\\\/100blooddonation.com\\\/es\\\/sobre\\\/\",\"url\":\"https:\\\/\\\/100blooddonation.com\\\/es\\\/sobre\\\/\",\"name\":\"Acerca de - 100 Blood Donation\",\"isPartOf\":{\"@id\":\"https:\\\/\\\/100blooddonation.com\\\/#website\"},\"primaryImageOfPage\":{\"@id\":\"https:\\\/\\\/100blooddonation.com\\\/es\\\/sobre\\\/#primaryimage\"},\"image\":{\"@id\":\"https:\\\/\\\/100blooddonation.com\\\/es\\\/sobre\\\/#primaryimage\"},\"thumbnailUrl\":\"https:\\\/\\\/100blooddonation.com\\\/wp-content\\\/uploads\\\/2021\\\/12\\\/landing-page-e1594627889405-1.png\",\"datePublished\":\"2022-02-28T09:13:01+00:00\",\"dateModified\":\"2024-07-11T14:01:09+00:00\",\"breadcrumb\":{\"@id\":\"https:\\\/\\\/100blooddonation.com\\\/es\\\/sobre\\\/#breadcrumb\"},\"inLanguage\":\"es\",\"potentialAction\":[{\"@type\":\"ReadAction\",\"target\":[\"https:\\\/\\\/100blooddonation.com\\\/es\\\/sobre\\\/\"]}]},{\"@type\":\"ImageObject\",\"inLanguage\":\"es\",\"@id\":\"https:\\\/\\\/100blooddonation.com\\\/es\\\/sobre\\\/#primaryimage\",\"url\":\"https:\\\/\\\/100blooddonation.com\\\/wp-content\\\/uploads\\\/2021\\\/12\\\/landing-page-e1594627889405-1.png\",\"contentUrl\":\"https:\\\/\\\/100blooddonation.com\\\/wp-content\\\/uploads\\\/2021\\\/12\\\/landing-page-e1594627889405-1.png\",\"width\":350,\"height\":350,\"caption\":\"100blooddonation blood donation donate the gift of life\"},{\"@type\":\"BreadcrumbList\",\"@id\":\"https:\\\/\\\/100blooddonation.com\\\/es\\\/sobre\\\/#breadcrumb\",\"itemListElement\":[{\"@type\":\"ListItem\",\"position\":1,\"name\":\"Home\",\"item\":\"https:\\\/\\\/100blooddonation.com\\\/es\\\/\"},{\"@type\":\"ListItem\",\"position\":2,\"name\":\"Acerca de\"}]},{\"@type\":\"WebSite\",\"@id\":\"https:\\\/\\\/100blooddonation.com\\\/#website\",\"url\":\"https:\\\/\\\/100blooddonation.com\\\/\",\"name\":\"100 Blood Donation\",\"description\":\"The Gift of Life\",\"publisher\":{\"@id\":\"https:\\\/\\\/100blooddonation.com\\\/#organization\"},\"potentialAction\":[{\"@type\":\"SearchAction\",\"target\":{\"@type\":\"EntryPoint\",\"urlTemplate\":\"https:\\\/\\\/100blooddonation.com\\\/?s={search_term_string}\"},\"query-input\":{\"@type\":\"PropertyValueSpecification\",\"valueRequired\":true,\"valueName\":\"search_term_string\"}}],\"inLanguage\":\"es\"},{\"@type\":\"Organization\",\"@id\":\"https:\\\/\\\/100blooddonation.com\\\/#organization\",\"name\":\"100 Blood Donation\",\"url\":\"https:\\\/\\\/100blooddonation.com\\\/\",\"logo\":{\"@type\":\"ImageObject\",\"inLanguage\":\"es\",\"@id\":\"https:\\\/\\\/100blooddonation.com\\\/#\\\/schema\\\/logo\\\/image\\\/\",\"url\":\"https:\\\/\\\/100blooddonation.com\\\/wp-content\\\/uploads\\\/2024\\\/06\\\/100-Blood-Donation-Logo-solo.png\",\"contentUrl\":\"https:\\\/\\\/100blooddonation.com\\\/wp-content\\\/uploads\\\/2024\\\/06\\\/100-Blood-Donation-Logo-solo.png\",\"width\":1000,\"height\":1000,\"caption\":\"100 Blood Donation\"},\"image\":{\"@id\":\"https:\\\/\\\/100blooddonation.com\\\/#\\\/schema\\\/logo\\\/image\\\/\"},\"sameAs\":[\"https:\\\/\\\/www.facebook.com\\\/100BloodDonation\",\"https:\\\/\\\/x.com\\\/_blooddonation_\",\"https:\\\/\\\/www.linkedin.com\\\/company\\\/100blooddonation\",\"https:\\\/\\\/www.instagram.com\\\/100blooddonation\"]}]}<\/script>\n<!-- \/ Yoast SEO Premium plugin. -->","yoast_head_json":{"title":"Acerca de - 100 Blood Donation","robots":{"index":"index","follow":"follow","max-snippet":"max-snippet:-1","max-image-preview":"max-image-preview:large","max-video-preview":"max-video-preview:-1"},"canonical":"https:\/\/100blooddonation.com\/es\/sobre\/","og_locale":"es_ES","og_type":"article","og_title":"Acerca de","og_description":"Bienvenido a 100 Blood Donation En 100 Blood Donation, creemos que donar sangre es m\u00e1s que un acto de generosidad: es un compromiso para salvar vidas. Fundada en 2017, nuestra&hellip;","og_url":"https:\/\/100blooddonation.com\/es\/sobre\/","og_site_name":"100 Blood Donation","article_publisher":"https:\/\/www.facebook.com\/100BloodDonation","article_modified_time":"2024-07-11T14:01:09+00:00","og_image":[{"width":350,"height":350,"url":"https:\/\/100blooddonation.com\/wp-content\/uploads\/2021\/12\/landing-page-e1594627889405-1.png","type":"image\/png"}],"twitter_card":"summary_large_image","twitter_site":"@_blooddonation_","twitter_misc":{"Tiempo de lectura":"3 minutos"},"schema":{"@context":"https:\/\/schema.org","@graph":[{"@type":"WebPage","@id":"https:\/\/100blooddonation.com\/es\/sobre\/","url":"https:\/\/100blooddonation.com\/es\/sobre\/","name":"Acerca de - 100 Blood Donation","isPartOf":{"@id":"https:\/\/100blooddonation.com\/#website"},"primaryImageOfPage":{"@id":"https:\/\/100blooddonation.com\/es\/sobre\/#primaryimage"},"image":{"@id":"https:\/\/100blooddonation.com\/es\/sobre\/#primaryimage"},"thumbnailUrl":"https:\/\/100blooddonation.com\/wp-content\/uploads\/2021\/12\/landing-page-e1594627889405-1.png","datePublished":"2022-02-28T09:13:01+00:00","dateModified":"2024-07-11T14:01:09+00:00","breadcrumb":{"@id":"https:\/\/100blooddonation.com\/es\/sobre\/#breadcrumb"},"inLanguage":"es","potentialAction":[{"@type":"ReadAction","target":["https:\/\/100blooddonation.com\/es\/sobre\/"]}]},{"@type":"ImageObject","inLanguage":"es","@id":"https:\/\/100blooddonation.com\/es\/sobre\/#primaryimage","url":"https:\/\/100blooddonation.com\/wp-content\/uploads\/2021\/12\/landing-page-e1594627889405-1.png","contentUrl":"https:\/\/100blooddonation.com\/wp-content\/uploads\/2021\/12\/landing-page-e1594627889405-1.png","width":350,"height":350,"caption":"100blooddonation blood donation donate the gift of life"},{"@type":"BreadcrumbList","@id":"https:\/\/100blooddonation.com\/es\/sobre\/#breadcrumb","itemListElement":[{"@type":"ListItem","position":1,"name":"Home","item":"https:\/\/100blooddonation.com\/es\/"},{"@type":"ListItem","position":2,"name":"Acerca de"}]},{"@type":"WebSite","@id":"https:\/\/100blooddonation.com\/#website","url":"https:\/\/100blooddonation.com\/","name":"100 Blood Donation","description":"The Gift of Life","publisher":{"@id":"https:\/\/100blooddonation.com\/#organization"},"potentialAction":[{"@type":"SearchAction","target":{"@type":"EntryPoint","urlTemplate":"https:\/\/100blooddonation.com\/?s={search_term_string}"},"query-input":{"@type":"PropertyValueSpecification","valueRequired":true,"valueName":"search_term_string"}}],"inLanguage":"es"},{"@type":"Organization","@id":"https:\/\/100blooddonation.com\/#organization","name":"100 Blood Donation","url":"https:\/\/100blooddonation.com\/","logo":{"@type":"ImageObject","inLanguage":"es","@id":"https:\/\/100blooddonation.com\/#\/schema\/logo\/image\/","url":"https:\/\/100blooddonation.com\/wp-content\/uploads\/2024\/06\/100-Blood-Donation-Logo-solo.png","contentUrl":"https:\/\/100blooddonation.com\/wp-content\/uploads\/2024\/06\/100-Blood-Donation-Logo-solo.png","width":1000,"height":1000,"caption":"100 Blood Donation"},"image":{"@id":"https:\/\/100blooddonation.com\/#\/schema\/logo\/image\/"},"sameAs":["https:\/\/www.facebook.com\/100BloodDonation","https:\/\/x.com\/_blooddonation_","https:\/\/www.linkedin.com\/company\/100blooddonation","https:\/\/www.instagram.com\/100blooddonation"]}]}},"_links":{"self":[{"href":"https:\/\/100blooddonation.com\/es\/wp-json\/wp\/v2\/pages\/689","targetHints":{"allow":["GET"]}}],"collection":[{"href":"https:\/\/100blooddonation.com\/es\/wp-json\/wp\/v2\/pages"}],"about":[{"href":"https:\/\/100blooddonation.com\/es\/wp-json\/wp\/v2\/types\/page"}],"author":[{"embeddable":true,"href":"https:\/\/100blooddonation.com\/es\/wp-json\/wp\/v2\/users\/1"}],"replies":[{"embeddable":true,"href":"https:\/\/100blooddonation.com\/es\/wp-json\/wp\/v2\/comments?post=689"}],"version-history":[{"count":10,"href":"https:\/\/100blooddonation.com\/es\/wp-json\/wp\/v2\/pages\/689\/revisions"}],"predecessor-version":[{"id":1568,"href":"https:\/\/100blooddonation.com\/es\/wp-json\/wp\/v2\/pages\/689\/revisions\/1568"}],"wp:featuredmedia":[{"embeddable":true,"href":"https:\/\/100blooddonation.com\/es\/wp-json\/wp\/v2\/media\/50"}],"wp:attachment":[{"href":"https:\/\/100blooddonation.com\/es\/wp-json\/wp\/v2\/media?parent=689"}],"curies":[{"name":"wp","href":"https:\/\/api.w.org\/{rel}","templated":true}]}}